{"id":1007,"date":"2023-05-16T01:37:53","date_gmt":"2023-05-16T01:37:53","guid":{"rendered":"https:\/\/asavietnam.com.au\/?page_id=1007"},"modified":"2025-02-13T19:08:17","modified_gmt":"2025-02-13T08:08:17","slug":"latest-news","status":"publish","type":"page","link":"https:\/\/asavietnam.com.au\/vi\/latest-news\/","title":{"rendered":"Tin t\u1ee9c &amp; S\u1ef1 ki\u1ec7n"},"content":{"rendered":"<h5 class=\"wp-block-heading\">G\u1eb7p g\u1ee1 \u0110\u1ea1i di\u1ec7n tuy\u1ec3n sinh Nh\u00f3m tr\u01b0\u1eddng Trung h\u1ecdc T\u01b0 th\u1ee5c \u00dac ASA Vietnam<\/h5>\n<p class=\"has-ast-global-color-1-color has-text-color has-medium-font-size\"><strong>H\u00c0 N\u1ed8I - Th\u1ee9 B\u1ea3y, 31\/1\/2026<\/strong><\/p>\n<p><strong>Dolce By Wyndham Hanoi Golden Lake, B7 Gi\u1ea3ng V\u00f5, P. Ba \u0110\u00ecnh<\/strong> &#8211; 3 pm to 6 pm<\/p>\n<p class=\"has-ast-global-color-2-color has-text-color\">Tham kh\u1ea3o th\u00f4ng tin chi ti\u1ebft v\u00e0 \u0111\u0103ng k\u00fd tham d\u1ef1 t\u1ea1i <strong><a href=\"https:\/\/ats.org.vn\/events\/le-hoi-du-hoc-hoc-bong-thang-1-2026\">https:\/\/ats.org.vn\/events\/<\/a><\/strong><\/p>\n<p class=\"has-ast-global-color-1-color has-text-color has-medium-font-size translation-block\">TPHCM - Ch\u1ee7 Nh\u1eadt, 1\/2\/2026<\/p>\n<p><strong>New World Hotel, 76 L\u00ea Lai, P. B\u1ebfn Th\u00e0nh <\/strong>&#8211; 9 am to 12 pm<\/p>\n<p>Tham kh\u1ea3o th\u00f4ng tin chi ti\u1ebft v\u00e0 \u0111\u0103ng k\u00fd tham d\u1ef1 t\u1ea1i <strong><a href=\"https:\/\/ats.org.vn\/events\/le-hoi-du-hoc-hoc-bong-thang-1-2026\">https:\/\/ats.org.vn\/events\/<\/a><\/strong><\/p>\n<p>Stay tuned for more details of the exhibitions!&hellip;<\/p>","protected":false},"excerpt":{"rendered":"<h5 class=\"wp-block-heading\">G\u1eb7p g\u1ee1 \u0110\u1ea1i di\u1ec7n tuy\u1ec3n sinh Nh\u00f3m tr\u01b0\u1eddng Trung h\u1ecdc T\u01b0 th\u1ee5c \u00dac ASA Vietnam<\/h5>\n\n\n\n<p class=\"has-ast-global-color-1-color has-text-color has-medium-font-size\"><strong>H\u00c0 N\u1ed8I - Th\u1ee9 B\u1ea3y, 31\/1\/2026<\/strong><\/p>\n\n\n\n<p><strong>Dolce By Wyndham Hanoi Golden Lake, B7 Gi\u1ea3ng V\u00f5, P. Ba \u0110\u00ecnh<\/strong> &#8211; 3 pm to 6 pm<\/p>\n\n\n\n<p class=\"has-ast-global-color-2-color has-text-color\">Tham kh\u1ea3o th\u00f4ng tin chi ti\u1ebft v\u00e0 \u0111\u0103ng k\u00fd tham d\u1ef1 t\u1ea1i <strong><a href=\"https:\/\/ats.org.vn\/events\/le-hoi-du-hoc-hoc-bong-thang-1-2026\">https:\/\/ats.org.vn\/events\/<\/a><\/strong><\/p>\n\n\n\n<p class=\"has-ast-global-color-1-color has-text-color has-medium-font-size translation-block\">TPHCM - Ch\u1ee7 Nh\u1eadt, 1\/2\/2026<\/p>\n\n\n\n<p><strong>New World Hotel, 76 L\u00ea Lai, P. B\u1ebfn Th\u00e0nh <\/strong>&#8211; 9 am to 12 pm<\/p>\n\n\n\n<p>Tham kh\u1ea3o th\u00f4ng tin chi ti\u1ebft v\u00e0 \u0111\u0103ng k\u00fd tham d\u1ef1 t\u1ea1i <strong><a href=\"https:\/\/ats.org.vn\/events\/le-hoi-du-hoc-hoc-bong-thang-1-2026\">https:\/\/ats.org.vn\/events\/<\/a><\/strong><br \/><\/p>\n\n\n\n<p>H\u00e3y theo d\u00f5i ASA Vi\u1ec7t Nam \u0111\u1ec3 c\u1eadp nh\u1eadt th\u00f4ng tin v\u1ec1 Tri\u1ec3n l\u00e3m Du h\u1ecdc \u00dac 2025 c\u1ee7a AEAS nh\u00e9!<\/p>\n\n\n\n<p>&hellip;<\/p>","protected":false},"author":1,"featured_media":0,"parent":0,"menu_order":0,"comment_status":"closed","ping_status":"closed","template":"","meta":{"site-sidebar-layout":"no-sidebar","site-content-layout":"page-builder","ast-site-content-layout":"","site-content-style":"default","site-sidebar-style":"default","ast-global-header-display":"","ast-banner-title-visibility":"","ast-main-header-display":"","ast-hfb-above-header-display":"","ast-hfb-below-header-display":"","ast-hfb-mobile-header-display":"","site-post-title":"disabled","ast-breadcrumbs-content":"","ast-featured-img":"disabled","footer-sml-layout":"","theme-transparent-header-meta":"","adv-header-id-meta":"","stick-header-meta":"","header-above-stick-meta":"","header-main-stick-meta":"","header-below-stick-meta":"","astra-migrate-meta-layouts":"default","ast-page-background-enabled":"default","ast-page-background-meta":{"desktop":{"background-color":"var(--ast-global-color-4)","background-image":"","background-repeat":"repeat","background-position":"center center","background-size":"auto","background-attachment":"scroll","background-type":"","background-media":"","overlay-type":"","overlay-color":"","overlay-gradient":""},"tablet":{"background-color":"","background-image":"","background-repeat":"repeat","background-position":"center center","background-size":"auto","background-attachment":"scroll","background-type":"","background-media":"","overlay-type":"","overlay-color":"","overlay-gradient":""},"mobile":{"background-color":"","background-image":"","background-repeat":"repeat","background-position":"center center","background-size":"auto","background-attachment":"scroll","background-type":"","background-media":"","overlay-type":"","overlay-color":"","overlay-gradient":""}},"ast-content-background-meta":{"desktop":{"background-color":"var(--ast-global-color-5)","background-image":"","background-repeat":"repeat","background-position":"center center","background-size":"auto","background-attachment":"scroll","background-type":"","background-media":"","overlay-type":"","overlay-color":"","overlay-gradient":""},"tablet":{"background-color":"var(--ast-global-color-5)","background-image":"","background-repeat":"repeat","background-position":"center center","background-size":"auto","background-attachment":"scroll","background-type":"","background-media":"","overlay-type":"","overlay-color":"","overlay-gradient":""},"mobile":{"background-color":"var(--ast-global-color-5)","background-image":"","background-repeat":"repeat","background-position":"center center","background-size":"auto","background-attachment":"scroll","background-type":"","background-media":"","overlay-type":"","overlay-color":"","overlay-gradient":""}},"footnotes":""},"categories":[],"tags":[],"class_list":["post-1007","page","type-page","status-publish","hentry"],"yoast_head":"<!-- This site is optimized with the Yoast SEO plugin v26.1.1 - https:\/\/yoast.com\/wordpress\/plugins\/seo\/ -->\n<title>ASA Vietnam - News and Events<\/title>\n<meta name=\"description\" content=\"ASA Vietnam - News and Events. See latest news and events from ASA Vietnam. Connect with the ASA Vietnam in-country representative now. Find out the next event to meet representatives of the schools in the Australian Schools Alliance Vietnam.\" \/>\n<meta name=\"robots\" content=\"index, follow, max-snippet:-1, max-image-preview:large, max-video-preview:-1\" \/>\n<link rel=\"canonical\" href=\"https:\/\/asavietnam.com.au\/vi\/latest-news\/\" \/>\n<meta property=\"og:locale\" content=\"vi_VN\" \/>\n<meta property=\"og:type\" content=\"article\" \/>\n<meta property=\"og:title\" content=\"ASA Vietnam - News and Events\" \/>\n<meta property=\"og:description\" content=\"ASA Vietnam - News and Events. See latest news and events from ASA Vietnam. Connect with the ASA Vietnam in-country representative now. Find out the next event to meet representatives of the schools in the Australian Schools Alliance Vietnam.\" \/>\n<meta property=\"og:url\" content=\"https:\/\/asavietnam.com.au\/vi\/latest-news\/\" \/>\n<meta property=\"og:site_name\" content=\"Australian Schools Alliance Vietnam\" \/>\n<meta property=\"article:modified_time\" content=\"2025-02-13T08:08:17+00:00\" \/>\n<meta property=\"og:image\" content=\"https:\/\/asavietnam.com.au\/wp-content\/uploads\/2024\/10\/The-Cathedral-School-Boarding-Dorm-Single-Room-1024x683-1-768x512.jpg\" \/>\n<meta name=\"twitter:card\" content=\"summary_large_image\" \/>\n<meta name=\"twitter:label1\" content=\"\u01af\u1edbc t\u00ednh th\u1eddi gian \u0111\u1ecdc\" \/>\n\t<meta name=\"twitter:data1\" content=\"5 ph\u00fat\" \/>\n<script type=\"application\/ld+json\" class=\"yoast-schema-graph\">{\"@context\":\"https:\/\/schema.org\",\"@graph\":[{\"@type\":\"WebPage\",\"@id\":\"https:\/\/asavietnam.com.au\/latest-news\/\",\"url\":\"https:\/\/asavietnam.com.au\/latest-news\/\",\"name\":\"ASA Vietnam - News and Events\",\"isPartOf\":{\"@id\":\"https:\/\/asavietnam.com.au\/#website\"},\"primaryImageOfPage\":{\"@id\":\"https:\/\/asavietnam.com.au\/latest-news\/#primaryimage\"},\"image\":{\"@id\":\"https:\/\/asavietnam.com.au\/latest-news\/#primaryimage\"},\"thumbnailUrl\":\"https:\/\/asavietnam.com.au\/wp-content\/uploads\/2024\/10\/The-Cathedral-School-Boarding-Dorm-Single-Room-1024x683-1-768x512.jpg\",\"datePublished\":\"2023-05-16T01:37:53+00:00\",\"dateModified\":\"2025-02-13T08:08:17+00:00\",\"description\":\"ASA Vietnam - News and Events. See latest news and events from ASA Vietnam. Connect with the ASA Vietnam in-country representative now. Find out the next event to meet representatives of the schools in the Australian Schools Alliance Vietnam.\",\"breadcrumb\":{\"@id\":\"https:\/\/asavietnam.com.au\/latest-news\/#breadcrumb\"},\"inLanguage\":\"vi\",\"potentialAction\":[{\"@type\":\"ReadAction\",\"target\":[\"https:\/\/asavietnam.com.au\/latest-news\/\"]}]},{\"@type\":\"ImageObject\",\"inLanguage\":\"vi\",\"@id\":\"https:\/\/asavietnam.com.au\/latest-news\/#primaryimage\",\"url\":\"https:\/\/asavietnam.com.au\/wp-content\/uploads\/2024\/10\/The-Cathedral-School-Boarding-Dorm-Single-Room-1024x683-1-768x512.jpg\",\"contentUrl\":\"https:\/\/asavietnam.com.au\/wp-content\/uploads\/2024\/10\/The-Cathedral-School-Boarding-Dorm-Single-Room-1024x683-1-768x512.jpg\"},{\"@type\":\"BreadcrumbList\",\"@id\":\"https:\/\/asavietnam.com.au\/latest-news\/#breadcrumb\",\"itemListElement\":[{\"@type\":\"ListItem\",\"position\":1,\"name\":\"Home\",\"item\":\"https:\/\/asavietnam.com.au\/\"},{\"@type\":\"ListItem\",\"position\":2,\"name\":\"News &#038; Events\"}]},{\"@type\":\"WebSite\",\"@id\":\"https:\/\/asavietnam.com.au\/#website\",\"url\":\"https:\/\/asavietnam.com.au\/\",\"name\":\"Australian Schools Alliance Vietnam\",\"description\":\"A consortium of Australian schools by AEAS\",\"publisher\":{\"@id\":\"https:\/\/asavietnam.com.au\/#organization\"},\"potentialAction\":[{\"@type\":\"SearchAction\",\"target\":{\"@type\":\"EntryPoint\",\"urlTemplate\":\"https:\/\/asavietnam.com.au\/?s={search_term_string}\"},\"query-input\":{\"@type\":\"PropertyValueSpecification\",\"valueRequired\":true,\"valueName\":\"search_term_string\"}}],\"inLanguage\":\"vi\"},{\"@type\":\"Organization\",\"@id\":\"https:\/\/asavietnam.com.au\/#organization\",\"name\":\"Australian Schools Alliance Vietnam\",\"url\":\"https:\/\/asavietnam.com.au\/\",\"logo\":{\"@type\":\"ImageObject\",\"inLanguage\":\"vi\",\"@id\":\"https:\/\/asavietnam.com.au\/#\/schema\/logo\/image\/\",\"url\":\"https:\/\/asavietnam.com.au\/wp-content\/uploads\/2023\/05\/logo_asav_blue.png\",\"contentUrl\":\"https:\/\/asavietnam.com.au\/wp-content\/uploads\/2023\/05\/logo_asav_blue.png\",\"width\":275,\"height\":155,\"caption\":\"Australian Schools Alliance Vietnam\"},\"image\":{\"@id\":\"https:\/\/asavietnam.com.au\/#\/schema\/logo\/image\/\"}}]}<\/script>\n<!-- \/ Yoast SEO plugin. -->","yoast_head_json":{"title":"ASA Vietnam - News and Events","description":"ASA Vietnam - News and Events. See latest news and events from ASA Vietnam. Connect with the ASA Vietnam in-country representative now. Find out the next event to meet representatives of the schools in the Australian Schools Alliance Vietnam.","robots":{"index":"index","follow":"follow","max-snippet":"max-snippet:-1","max-image-preview":"max-image-preview:large","max-video-preview":"max-video-preview:-1"},"canonical":"https:\/\/asavietnam.com.au\/vi\/latest-news\/","og_locale":"vi_VN","og_type":"article","og_title":"ASA Vietnam - News and Events","og_description":"ASA Vietnam - News and Events. See latest news and events from ASA Vietnam. Connect with the ASA Vietnam in-country representative now. Find out the next event to meet representatives of the schools in the Australian Schools Alliance Vietnam.","og_url":"https:\/\/asavietnam.com.au\/vi\/latest-news\/","og_site_name":"Australian Schools Alliance Vietnam","article_modified_time":"2025-02-13T08:08:17+00:00","og_image":[{"url":"https:\/\/asavietnam.com.au\/wp-content\/uploads\/2024\/10\/The-Cathedral-School-Boarding-Dorm-Single-Room-1024x683-1-768x512.jpg","type":"","width":"","height":""}],"twitter_card":"summary_large_image","twitter_misc":{"\u01af\u1edbc t\u00ednh th\u1eddi gian \u0111\u1ecdc":"5 ph\u00fat"},"schema":{"@context":"https:\/\/schema.org","@graph":[{"@type":"WebPage","@id":"https:\/\/asavietnam.com.au\/latest-news\/","url":"https:\/\/asavietnam.com.au\/latest-news\/","name":"ASA Vietnam - News and Events","isPartOf":{"@id":"https:\/\/asavietnam.com.au\/#website"},"primaryImageOfPage":{"@id":"https:\/\/asavietnam.com.au\/latest-news\/#primaryimage"},"image":{"@id":"https:\/\/asavietnam.com.au\/latest-news\/#primaryimage"},"thumbnailUrl":"https:\/\/asavietnam.com.au\/wp-content\/uploads\/2024\/10\/The-Cathedral-School-Boarding-Dorm-Single-Room-1024x683-1-768x512.jpg","datePublished":"2023-05-16T01:37:53+00:00","dateModified":"2025-02-13T08:08:17+00:00","description":"ASA Vietnam - News and Events. See latest news and events from ASA Vietnam. Connect with the ASA Vietnam in-country representative now. Find out the next event to meet representatives of the schools in the Australian Schools Alliance Vietnam.","breadcrumb":{"@id":"https:\/\/asavietnam.com.au\/latest-news\/#breadcrumb"},"inLanguage":"vi","potentialAction":[{"@type":"ReadAction","target":["https:\/\/asavietnam.com.au\/latest-news\/"]}]},{"@type":"ImageObject","inLanguage":"vi","@id":"https:\/\/asavietnam.com.au\/latest-news\/#primaryimage","url":"https:\/\/asavietnam.com.au\/wp-content\/uploads\/2024\/10\/The-Cathedral-School-Boarding-Dorm-Single-Room-1024x683-1-768x512.jpg","contentUrl":"https:\/\/asavietnam.com.au\/wp-content\/uploads\/2024\/10\/The-Cathedral-School-Boarding-Dorm-Single-Room-1024x683-1-768x512.jpg"},{"@type":"BreadcrumbList","@id":"https:\/\/asavietnam.com.au\/latest-news\/#breadcrumb","itemListElement":[{"@type":"ListItem","position":1,"name":"Home","item":"https:\/\/asavietnam.com.au\/"},{"@type":"ListItem","position":2,"name":"News &#038; Events"}]},{"@type":"WebSite","@id":"https:\/\/asavietnam.com.au\/#website","url":"https:\/\/asavietnam.com.au\/","name":"Australian Schools Alliance Vietnam","description":"A consortium of Australian schools by AEAS","publisher":{"@id":"https:\/\/asavietnam.com.au\/#organization"},"potentialAction":[{"@type":"SearchAction","target":{"@type":"EntryPoint","urlTemplate":"https:\/\/asavietnam.com.au\/?s={search_term_string}"},"query-input":{"@type":"PropertyValueSpecification","valueRequired":true,"valueName":"search_term_string"}}],"inLanguage":"vi"},{"@type":"Organization","@id":"https:\/\/asavietnam.com.au\/#organization","name":"Australian Schools Alliance Vietnam","url":"https:\/\/asavietnam.com.au\/","logo":{"@type":"ImageObject","inLanguage":"vi","@id":"https:\/\/asavietnam.com.au\/#\/schema\/logo\/image\/","url":"https:\/\/asavietnam.com.au\/wp-content\/uploads\/2023\/05\/logo_asav_blue.png","contentUrl":"https:\/\/asavietnam.com.au\/wp-content\/uploads\/2023\/05\/logo_asav_blue.png","width":275,"height":155,"caption":"Australian Schools Alliance Vietnam"},"image":{"@id":"https:\/\/asavietnam.com.au\/#\/schema\/logo\/image\/"}}]}},"_links":{"self":[{"href":"https:\/\/asavietnam.com.au\/vi\/wp-json\/wp\/v2\/pages\/1007","targetHints":{"allow":["GET"]}}],"collection":[{"href":"https:\/\/asavietnam.com.au\/vi\/wp-json\/wp\/v2\/pages"}],"about":[{"href":"https:\/\/asavietnam.com.au\/vi\/wp-json\/wp\/v2\/types\/page"}],"author":[{"embeddable":true,"href":"https:\/\/asavietnam.com.au\/vi\/wp-json\/wp\/v2\/users\/1"}],"replies":[{"embeddable":true,"href":"https:\/\/asavietnam.com.au\/vi\/wp-json\/wp\/v2\/comments?post=1007"}],"version-history":[{"count":5,"href":"https:\/\/asavietnam.com.au\/vi\/wp-json\/wp\/v2\/pages\/1007\/revisions"}],"predecessor-version":[{"id":3664,"href":"https:\/\/asavietnam.com.au\/vi\/wp-json\/wp\/v2\/pages\/1007\/revisions\/3664"}],"wp:attachment":[{"href":"https:\/\/asavietnam.com.au\/vi\/wp-json\/wp\/v2\/media?parent=1007"}],"wp:term":[{"taxonomy":"category","embeddable":true,"href":"https:\/\/asavietnam.com.au\/vi\/wp-json\/wp\/v2\/categories?post=1007"},{"taxonomy":"post_tag","embeddable":true,"href":"https:\/\/asavietnam.com.au\/vi\/wp-json\/wp\/v2\/tags?post=1007"}],"curies":[{"name":"wp","href":"https:\/\/api.w.org\/{rel}","templated":true}]}}