{"id":1315,"date":"2023-05-26T02:37:12","date_gmt":"2023-05-26T02:37:12","guid":{"rendered":"https:\/\/asavietnam.com.au\/?page_id=1315"},"modified":"2023-09-28T04:52:46","modified_gmt":"2023-09-28T04:52:46","slug":"about-asa-vietnam","status":"publish","type":"page","link":"https:\/\/asavietnam.com.au\/vi\/about-asa-vietnam\/","title":{"rendered":"Tr\u01b0\u1eddng h\u1ecdc \u1edf \u00dac"},"content":{"rendered":"<div data-elementor-type=\"wp-page\" data-elementor-id=\"1315\" class=\"elementor elementor-1315\">\n\t\t\t\t\t\t<section class=\"elementor-section elementor-top-section elementor-element elementor-element-de4320f elementor-section-height-min-height elementor-section-boxed elementor-section-height-default elementor-section-items-middle\" data-id=\"de4320f\" data-element_type=\"section\" data-settings=\"{&quot;background_background&quot;:&quot;classic&quot;}\">\n\t\t\t\t\t\t<div class=\"elementor-container elementor-column-gap-no\">\n\t\t\t\t\t<div class=\"elementor-column elementor-col-100 elementor-top-column elementor-element elementor-element-7bdf3cf\" data-id=\"7bdf3cf\" data-element_type=\"column\">\n\t\t\t<div class=\"elementor-widget-wrap elementor-element-populated\">\n\t\t\t\t\t\t<div class=\"elementor-element elementor-element-61bec78 elementor-widget elementor-widget-heading\" data-id=\"61bec78\" data-element_type=\"widget\" data-widget_type=\"heading.default\">\n\t\t\t\t<div class=\"elementor-widget-container\">\n\t\t\t\t\t<h2 class=\"elementor-heading-title elementor-size-default\">V\u00ec sao n\u00ean ch\u1ecdn c\u00e1c tr\u01b0\u1eddng t\u1ea1i \u00dac?<\/h2>\t\t\t\t<\/div>\n\t\t\t\t<\/div>\n\t\t\t\t\t<\/div>\n\t\t<\/div>\n\t\t\t\t\t<\/div>\n\t\t<\/section>\n\t\t\t\t<section class=\"elementor-section elementor-top-section elementor-element elementor-element-34a55b3 elementor-section-boxed elementor-section-height-default elementor-section-height-default\" data-id=\"34a55b3\" data-element_type=\"section\" data-settings=\"{&quot;background_background&quot;:&quot;classic&quot;}\">\n\t\t\t\t\t\t<div class=\"elementor-container elementor-column-gap-no\">\n\t\t\t\t\t<div class=\"elementor-column elementor-col-100 elementor-top-column elementor-element elementor-element-fe6bc00\" data-id=\"fe6bc00\" data-element_type=\"column\">\n\t\t\t<div class=\"elementor-widget-wrap elementor-element-populated\">\n\t\t\t\t\t\t<div class=\"elementor-element elementor-element-d3f564d elementor-widget elementor-widget-text-editor\" data-id=\"d3f564d\" data-element_type=\"widget\" data-widget_type=\"text-editor.default\">\n\t\t\t\t<div class=\"elementor-widget-container\">\n\t\t\t\t\t\t\t\t\t<h3><span style=\"color: #ffffff;\">C\u00e1c tr\u01b0\u1eddng h\u1ecdc \u1edf \u00dac cung c\u1ea5p m\u1ed9t n\u1ec1n gi\u00e1o d\u1ee5c to\u00e0n di\u1ec7n.<\/span><\/h3><h4><span style=\"color: #ffffff;\">V\u00ec sao \u0111i\u1ec1u n\u00e0y l\u1ea1i quan tr\u1ecdng?<\/span><\/h4><p><span lang=\"EN-AU\" style=\"color: #ffffff;\">C\u00e1c tr\u01b0\u1eddng h\u1ecdc \u00dac nu\u00f4i d\u01b0\u1ee1ng c\u00e1c k\u1ef9 n\u0103ng, th\u00e1i \u0111\u1ed9 s\u1ed1ng v\u00e0 nh\u1eefng gi\u00e1 tr\u1ecb gi\u00fap ng\u01b0\u1eddi tr\u1ebb h\u1ed9i nh\u1eadp th\u00e0nh c\u00f4ng v\u00e0o m\u1ed9t th\u1ebf gi\u1edbi to\u00e0n c\u1ea7u h\u00f3a. Nh\u1eefng c\u1eed nh\u00e2n t\u01b0\u01a1ng lai c\u1ea7n ph\u1ea3i c\u00f3 t\u01b0 duy ph\u1ea3n bi\u1ec7n, k\u1ef9 n\u0103ng giao ti\u1ebfp t\u1ed1t, k\u1ef9 n\u0103ng gi\u1ea3i quy\u1ebft v\u1ea5n \u0111\u1ec1 v\u00e0 k\u1ef9 n\u0103ng l\u00e0m vi\u1ec7c nh\u00f3m. C\u00e1c b\u1ea1n s\u1ebd c\u1ea7n ph\u1ea3i c\u00f3 t\u01b0 duy t\u1ea7m c\u1ee1 qu\u1ed1c t\u1ebf, c\u00f3 s\u1ef1 hi\u1ec3u bi\u1ebft v\u1ec1 c\u00e1c n\u1ec1n v\u0103n h\u00f3a \u0111a d\u1ea1ng v\u00e0 c\u00f3 kh\u1ea3 n\u0103ng l\u00e0m vi\u1ec7c c\u00f9ng v\u1edbi m\u1ecdi ng\u01b0\u1eddi tr\u00ean kh\u1eafp th\u1ebf gi\u1edbi. Nh\u1eefng \u0111\u1eb7c \u0111i\u1ec3m v\u00e0 k\u1ef9 n\u0103ng n\u00e0y, c\u00f9ng v\u1edbi k\u1ef9 n\u0103ng ti\u1ebfng Anh xu\u1ea5t s\u1eafc, s\u1ebd t\u1ea1o n\u1ec1n t\u1ea3ng cho m\u1ed9t s\u1ef1 nghi\u1ec7p th\u00e0nh c\u00f4ng trong t\u01b0\u01a1ng lai.<\/span><\/p>\t\t\t\t\t\t\t\t<\/div>\n\t\t\t\t<\/div>\n\t\t\t\t\t<\/div>\n\t\t<\/div>\n\t\t\t\t\t<\/div>\n\t\t<\/section>\n\t\t\t\t<section class=\"elementor-section elementor-top-section elementor-element elementor-element-43e00f2 elementor-section-boxed elementor-section-height-default elementor-section-height-default\" data-id=\"43e00f2\" data-element_type=\"section\" data-settings=\"{&quot;background_background&quot;:&quot;classic&quot;}\">\n\t\t\t\t\t\t<div class=\"elementor-container elementor-column-gap-no\">\n\t\t\t\t\t<div class=\"elementor-column elementor-col-100 elementor-top-column elementor-element elementor-element-055391a\" data-id=\"055391a\" data-element_type=\"column\">\n\t\t\t<div class=\"elementor-widget-wrap elementor-element-populated\">\n\t\t\t\t\t\t<div class=\"elementor-element elementor-element-cc1e3ee elementor-widget__width-initial elementor-widget elementor-widget-text-editor\" data-id=\"cc1e3ee\" data-element_type=\"widget\" data-widget_type=\"text-editor.default\">\n\t\t\t\t<div class=\"elementor-widget-container\">\n\t\t\t\t\t\t\t\t\t<h3><b>10 l\u00fd do h\u00e0ng \u0111\u1ea7u<\/b> l\u1ef1a ch\u1ecdn theo h\u1ecdc t\u1ea1i c\u00e1c tr\u01b0\u1eddng \u00dac<\/h3><p>\u00a0<\/p>\t\t\t\t\t\t\t\t<\/div>\n\t\t\t\t<\/div>\n\t\t\t\t<div class=\"elementor-element elementor-element-7455fb6 elementor-widget__width-initial elementor-widget elementor-widget-text-editor\" data-id=\"7455fb6\" data-element_type=\"widget\" data-widget_type=\"text-editor.default\">\n\t\t\t\t<div class=\"elementor-widget-container\">\n\t\t\t\t\t\t\t\t\t<p><strong>1.<\/strong> M\u1ed9t <strong>m\u00f4i tr\u01b0\u1eddng h\u1ecdc t\u1eadp an to\u00e0n v\u00e0 \u0111\u1ea3m b\u1ea3o,<\/strong> mang l\u1ea1i s\u1ef1 y\u00ean t\u00e2m cho qu\u00fd ph\u1ee5 huynh c\u00f3 con trong \u0111\u1ed9 tu\u1ed5i \u0111i h\u1ecdc.<\/p><p><strong>2.<\/strong> M\u1ed9t <strong style=\"font-size: 16px;\">h\u1ec7 th\u1ed1ng gi\u00e1o d\u1ee5c \u0111\u01b0\u1ee3c \u0111\u00e1nh gi\u00e1 cao<\/strong><span style=\"font-size: 16px;\"> v\u1edbi \u0111a d\u1ea1ng s\u1ef1 l\u1ef1a ch\u1ecdn bao g\u1ed3m c\u1ea3 n\u1ed9i tr\u00fa v\u00e0 homestay, c\u1ea3 tr\u01b0\u1eddng nam n\u1eef \u0111\u1ed3ng gi\u00e1o v\u00e0 gi\u00e1o d\u1ee5c \u0111\u01a1n gi\u1edbi t\u00ednh (tr\u01b0\u1eddng nam sinh ho\u1eb7c n\u1eef sinh ri\u00eang).<\/span><\/p><p><strong>3.<\/strong> C\u00e1c tr\u01b0\u1eddng h\u1ecdc \u1edf \u00dac cung c\u1ea5p <strong style=\"font-size: 16px;\">ch\u1ea5t l\u01b0\u1ee3ng gi\u1ea3ng d\u1ea1y v\u00e0 h\u1ed7 tr\u1ee3 h\u1ecdc sinh<\/strong><span style=\"font-size: 16px;\"> - tr\u1ecdng t\u00e2m l\u00e0 s\u1ef1 ph\u00e1t tri\u1ec3n to\u00e0n di\u1ec7n c\u1ee7a h\u1ecdc sinh, gi\u00fap c\u00e1c em tr\u1edf th\u00e0nh m\u1ed9t c\u00f4ng d\u00e2n t\u1ed1t, m\u1ed9t th\u00e0nh vi\u00ean t\u1ed1t c\u1ee7a c\u1ed9ng \u0111\u1ed3ng, c\u0169ng nh\u01b0 \u0111\u1ea3m b\u1ea3o k\u1ebft qu\u1ea3 h\u1ecdc t\u1eadp xu\u1ea5t s\u1eafc.<\/span><\/p>\t\t\t\t\t\t\t\t<\/div>\n\t\t\t\t<\/div>\n\t\t\t\t\t<\/div>\n\t\t<\/div>\n\t\t\t\t\t<\/div>\n\t\t<\/section>\n\t\t\t\t<section class=\"elementor-section elementor-top-section elementor-element elementor-element-542cdca elementor-section-boxed elementor-section-height-default elementor-section-height-default\" data-id=\"542cdca\" data-element_type=\"section\" data-settings=\"{&quot;background_background&quot;:&quot;classic&quot;}\">\n\t\t\t\t\t\t<div class=\"elementor-container elementor-column-gap-default\">\n\t\t\t\t\t<div class=\"elementor-column elementor-col-50 elementor-top-column elementor-element elementor-element-7eacb19\" data-id=\"7eacb19\" data-element_type=\"column\">\n\t\t\t<div class=\"elementor-widget-wrap elementor-element-populated\">\n\t\t\t\t\t\t<div class=\"elementor-element elementor-element-fea69fb elementor-widget elementor-widget-text-editor\" data-id=\"fea69fb\" data-element_type=\"widget\" data-widget_type=\"text-editor.default\">\n\t\t\t\t<div class=\"elementor-widget-container\">\n\t\t\t\t\t\t\t\t\t<p><strong>4.<\/strong> \u00dac cung c\u1ea5p <strong style=\"font-size: 16px;\">nhi\u1ec1u l\u1ed9 tr\u00ecnh h\u1ecdc t\u1eadp chuy\u1ec3n ti\u1ebfp v\u00e0o \u0111\u1ea1i h\u1ecdc<\/strong><span style=\"font-size: 16px;\">, v\u00e0 \u0111\u1ed1i v\u1edbi nh\u1eefng h\u1ecdc sinh h\u1ecdc t\u1ea1i tr\u01b0\u1eddng t\u01b0 th\u1ee5c, k\u1ebft qu\u1ea3 h\u1ecdc t\u1eadp t\u1ed1t c\u0169ng gi\u00fap h\u1ecdc sinh d\u1ec5 d\u00e0ng tr\u00fang tuy\u1ec3n v\u00e0o tr\u01b0\u1eddng \u0111\u1ea1i h\u1ecdc mong mu\u1ed1n.<\/span><\/p><p><strong>5. C\u00e1c ch\u01b0\u01a1ng tr\u00ecnh \u0111\u00e0o t\u1ea1o ti\u1ebfng Anh xu\u1ea5t s\u1eafc<\/strong> t\u1ea1i tr\u01b0\u1eddng ho\u1eb7c th\u00f4ng qua c\u00e1c \u0111\u01a1n v\u1ecb \u0111\u00e0o t\u1ea1o ti\u1ebfng Anh chuy\u00ean nghi\u1ec7p d\u00e0nh cho nh\u1eefng h\u1ecdc sinh c\u1ea7n c\u1ee7ng c\u1ed1 c\u00e1c k\u1ef9 n\u0103ng ti\u1ebfng Anh tr\u01b0\u1edbc khi b\u1eaft \u0111\u1ea7u h\u1ecdc ch\u00ednh th\u1ee9c t\u1ea1i \u00dac.<\/p><p><strong>6.<\/strong> B\u1eb1ng c\u00e1ch s\u1ed1ng v\u00e0 h\u1ecdc t\u1eadp trong m\u1ed9t x\u00e3 h\u1ed9i \u0111a v\u0103n h\u00f3a, h\u1ecdc sinh ph\u00e1t tri\u1ec3n <strong>th\u1ebf gi\u1edbi quan mang t\u00ednh to\u00e0n c\u1ea7u<\/strong>, \u0111i\u1ec1u n\u00e0y r\u1ea5t quan tr\u1ecdng \u0111\u1ec3 c\u00f3 \u0111\u01b0\u1ee3c m\u1ed9t s\u1ef1 nghi\u1ec7p th\u00e0nh c\u00f4ng trong th\u1eddi \u0111\u1ea1i th\u1ebf gi\u1edbi ph\u1eb3ng.<\/p><p><strong>7.<\/strong> Chi ph\u00ed <strong>h\u1ee3p l\u00fd<\/strong> v\u1edbi nhi\u1ec1u s\u1ef1 l\u1ef1a ch\u1ecdn m\u1ee9c h\u1ecdc ph\u00ed \u0111a d\u1ea1ng.<\/p><p><strong>8.<\/strong> Theo h\u1ecdc b\u1eadc ph\u1ed5 th\u00f4ng v\u00e0 sau \u0111\u00f3 l\u00e0 \u0111\u1ea1i h\u1ecdc t\u1ea1i \u00dac c\u00f3 th\u1ec3 d\u1eabn \u0111\u1ebfn <strong>r\u1ea5t nhi\u1ec1u con \u0111\u01b0\u1eddng s\u1ef1 nghi\u1ec7p trong t\u01b0\u01a1ng lai.<\/strong>.\u00a0<\/p><p><strong>9.<\/strong> C\u00e1c tr\u01b0\u1eddng t\u01b0 th\u1ee5c \u00dac cung c\u1ea5p <strong>c\u01a1 s\u1edf v\u1eadt ch\u1ea5t \u0111\u1eb3ng c\u1ea5p th\u1ebf gi\u1edbi<\/strong> - c\u01a1 s\u1edf v\u1eadt ch\u1ea5t th\u1ec3 thao, ph\u00f2ng th\u00ed nghi\u1ec7m khoa h\u1ecdc hi\u1ec7n \u0111\u1ea1i, ti\u1ebfp c\u1eadn c\u00f4ng ngh\u1ec7 m\u1edbi nh\u1ea5t v\u00e0 c\u00e1c \u0111\u1ecba \u0111i\u1ec3m bi\u1ec3u di\u1ec5n ngh\u1ec7 thu\u1eadt v\u00e0 \u00e2m nh\u1ea1c \u0111\u1ea1t chu\u1ea9n.<\/p><p><strong>10.<\/strong> \u00dac cung c\u1ea5p m\u1ed9t <strong>m\u00f4i tr\u01b0\u1eddng tuy\u1ec7t v\u1eddi<\/strong> v\u1edbi nh\u1eefng th\u00e0nh ph\u1ed1 \u0111\u00e1ng s\u1ed1ng nh\u1ea5t tr\u00ean th\u1ebf gi\u1edbi. Ngo\u00e0i ra c\u00f2n c\u00f3 c\u00e1c c\u1ed9ng \u0111\u1ed3ng ng\u01b0\u1eddi Vi\u1ec7t l\u1edbn \u1edf \u00dac, n\u01a1i mang l\u1ea1i s\u1ef1 tho\u1ea3i m\u00e1i v\u00e0 th\u00e2n thu\u1ed9c nh\u01b0 \u1edf nh\u00e0.<\/p>\t\t\t\t\t\t\t\t<\/div>\n\t\t\t\t<\/div>\n\t\t\t\t\t<\/div>\n\t\t<\/div>\n\t\t\t\t<div class=\"elementor-column elementor-col-50 elementor-top-column elementor-element elementor-element-cc78868\" data-id=\"cc78868\" data-element_type=\"column\">\n\t\t\t<div class=\"elementor-widget-wrap elementor-element-populated\">\n\t\t\t\t\t\t<div class=\"elementor-element elementor-element-b836cb5 elementor-widget elementor-widget-image\" data-id=\"b836cb5\" data-element_type=\"widget\" data-widget_type=\"image.default\">\n\t\t\t\t<div class=\"elementor-widget-container\">\n\t\t\t\t\t\t\t\t\t\t\t\t\t\t\t<img fetchpriority=\"high\" decoding=\"async\" width=\"790\" height=\"1024\" src=\"https:\/\/asavietnam.com.au\/wp-content\/uploads\/2023\/07\/2x-photos-1-790x1024.png\" class=\"attachment-large size-large wp-image-2536\" alt=\"\" srcset=\"https:\/\/asavietnam.com.au\/wp-content\/uploads\/2023\/07\/2x-photos-1-790x1024.png 790w, https:\/\/asavietnam.com.au\/wp-content\/uploads\/2023\/07\/2x-photos-1-231x300.png 231w, https:\/\/asavietnam.com.au\/wp-content\/uploads\/2023\/07\/2x-photos-1-768x996.png 768w, https:\/\/asavietnam.com.au\/wp-content\/uploads\/2023\/07\/2x-photos-1-9x12.png 9w, https:\/\/asavietnam.com.au\/wp-content\/uploads\/2023\/07\/2x-photos-1.png 1000w\" sizes=\"(max-width: 790px) 100vw, 790px\" \/>\t\t\t\t\t\t\t\t\t\t\t\t\t\t\t<\/div>\n\t\t\t\t<\/div>\n\t\t\t\t\t<\/div>\n\t\t<\/div>\n\t\t\t\t\t<\/div>\n\t\t<\/section>\n\t\t\t\t<\/div>","protected":false},"excerpt":{"rendered":"<p>Why choose an Australian school? Australia\u2019s schools offer an holistic education. Why is this important? Australian schools instil skills, attitudes and values that allow young people to successfully participate in a globalised world. Tomorrow\u2019s graduates should be critical thinkers, strong communicators, problem solvers and team players. They will need to be internationally minded, with an [&hellip;]<\/p>","protected":false},"author":1,"featured_media":0,"parent":0,"menu_order":0,"comment_status":"closed","ping_status":"closed","template":"","meta":{"site-sidebar-layout":"no-sidebar","site-content-layout":"page-builder","ast-site-content-layout":"","site-content-style":"default","site-sidebar-style":"default","ast-global-header-display":"","ast-banner-title-visibility":"","ast-main-header-display":"","ast-hfb-above-header-display":"","ast-hfb-below-header-display":"","ast-hfb-mobile-header-display":"","site-post-title":"disabled","ast-breadcrumbs-content":"disabled","ast-featured-img":"disabled","footer-sml-layout":"","theme-transparent-header-meta":"default","adv-header-id-meta":"","stick-header-meta":"","header-above-stick-meta":"","header-main-stick-meta":"","header-below-stick-meta":"","astra-migrate-meta-layouts":"default","ast-page-background-enabled":"default","ast-page-background-meta":{"desktop":{"background-color":"var(--ast-global-color-4)","background-image":"","background-repeat":"repeat","background-position":"center center","background-size":"auto","background-attachment":"scroll","background-type":"","background-media":"","overlay-type":"","overlay-color":"","overlay-gradient":""},"tablet":{"background-color":"","background-image":"","background-repeat":"repeat","background-position":"center center","background-size":"auto","background-attachment":"scroll","background-type":"","background-media":"","overlay-type":"","overlay-color":"","overlay-gradient":""},"mobile":{"background-color":"","background-image":"","background-repeat":"repeat","background-position":"center center","background-size":"auto","background-attachment":"scroll","background-type":"","background-media":"","overlay-type":"","overlay-color":"","overlay-gradient":""}},"ast-content-background-meta":{"desktop":{"background-color":"var(--ast-global-color-5)","background-image":"","background-repeat":"repeat","background-position":"center center","background-size":"auto","background-attachment":"scroll","background-type":"","background-media":"","overlay-type":"","overlay-color":"","overlay-gradient":""},"tablet":{"background-color":"var(--ast-global-color-5)","background-image":"","background-repeat":"repeat","background-position":"center center","background-size":"auto","background-attachment":"scroll","background-type":"","background-media":"","overlay-type":"","overlay-color":"","overlay-gradient":""},"mobile":{"background-color":"var(--ast-global-color-5)","background-image":"","background-repeat":"repeat","background-position":"center center","background-size":"auto","background-attachment":"scroll","background-type":"","background-media":"","overlay-type":"","overlay-color":"","overlay-gradient":""}},"footnotes":""},"categories":[],"tags":[],"class_list":["post-1315","page","type-page","status-publish","hentry"],"yoast_head":"<!-- This site is optimized with the Yoast SEO plugin v26.1.1 - https:\/\/yoast.com\/wordpress\/plugins\/seo\/ -->\n<title>ASA Vietnam - About Australian Schools<\/title>\n<meta name=\"description\" content=\"ASA Vietnam - About Australian Schools. Why choose an Australian school? Australian schools instil skills, attitudes and values that allow young people to successfully participate in a globalised world.\" \/>\n<meta name=\"robots\" content=\"index, follow, max-snippet:-1, max-image-preview:large, max-video-preview:-1\" \/>\n<link rel=\"canonical\" href=\"https:\/\/asavietnam.com.au\/vi\/about-asa-vietnam\/\" \/>\n<meta property=\"og:locale\" content=\"vi_VN\" \/>\n<meta property=\"og:type\" content=\"article\" \/>\n<meta property=\"og:title\" content=\"ASA Vietnam - About Australian Schools\" \/>\n<meta property=\"og:description\" content=\"ASA Vietnam - About Australian Schools. Why choose an Australian school? Australian schools instil skills, attitudes and values that allow young people to successfully participate in a globalised world.\" \/>\n<meta property=\"og:url\" content=\"https:\/\/asavietnam.com.au\/vi\/about-asa-vietnam\/\" \/>\n<meta property=\"og:site_name\" content=\"Australian Schools Alliance Vietnam\" \/>\n<meta property=\"article:modified_time\" content=\"2023-09-28T04:52:46+00:00\" \/>\n<meta property=\"og:image\" content=\"https:\/\/asavietnam.com.au\/wp-content\/uploads\/2023\/07\/2x-photos-1-790x1024.png\" \/>\n<meta name=\"twitter:card\" content=\"summary_large_image\" \/>\n<meta name=\"twitter:label1\" content=\"\u01af\u1edbc t\u00ednh th\u1eddi gian \u0111\u1ecdc\" \/>\n\t<meta name=\"twitter:data1\" content=\"2 ph\u00fat\" \/>\n<script type=\"application\/ld+json\" class=\"yoast-schema-graph\">{\"@context\":\"https:\/\/schema.org\",\"@graph\":[{\"@type\":\"WebPage\",\"@id\":\"https:\/\/asavietnam.com.au\/vi\/about-asa-vietnam\/\",\"url\":\"https:\/\/asavietnam.com.au\/vi\/about-asa-vietnam\/\",\"name\":\"ASA Vietnam - About Australian Schools\",\"isPartOf\":{\"@id\":\"https:\/\/asavietnam.com.au\/#website\"},\"primaryImageOfPage\":{\"@id\":\"https:\/\/asavietnam.com.au\/vi\/about-asa-vietnam\/#primaryimage\"},\"image\":{\"@id\":\"https:\/\/asavietnam.com.au\/vi\/about-asa-vietnam\/#primaryimage\"},\"thumbnailUrl\":\"https:\/\/asavietnam.com.au\/wp-content\/uploads\/2023\/07\/2x-photos-1-790x1024.png\",\"datePublished\":\"2023-05-26T02:37:12+00:00\",\"dateModified\":\"2023-09-28T04:52:46+00:00\",\"description\":\"ASA Vietnam - About Australian Schools. Why choose an Australian school? Australian schools instil skills, attitudes and values that allow young people to successfully participate in a globalised world.\",\"breadcrumb\":{\"@id\":\"https:\/\/asavietnam.com.au\/vi\/about-asa-vietnam\/#breadcrumb\"},\"inLanguage\":\"vi\",\"potentialAction\":[{\"@type\":\"ReadAction\",\"target\":[\"https:\/\/asavietnam.com.au\/vi\/about-asa-vietnam\/\"]}]},{\"@type\":\"ImageObject\",\"inLanguage\":\"vi\",\"@id\":\"https:\/\/asavietnam.com.au\/vi\/about-asa-vietnam\/#primaryimage\",\"url\":\"https:\/\/asavietnam.com.au\/wp-content\/uploads\/2023\/07\/2x-photos-1-790x1024.png\",\"contentUrl\":\"https:\/\/asavietnam.com.au\/wp-content\/uploads\/2023\/07\/2x-photos-1-790x1024.png\"},{\"@type\":\"BreadcrumbList\",\"@id\":\"https:\/\/asavietnam.com.au\/vi\/about-asa-vietnam\/#breadcrumb\",\"itemListElement\":[{\"@type\":\"ListItem\",\"position\":1,\"name\":\"Home\",\"item\":\"https:\/\/asavietnam.com.au\/\"},{\"@type\":\"ListItem\",\"position\":2,\"name\":\"About Australian Schools\"}]},{\"@type\":\"WebSite\",\"@id\":\"https:\/\/asavietnam.com.au\/#website\",\"url\":\"https:\/\/asavietnam.com.au\/\",\"name\":\"Australian Schools Alliance Vietnam\",\"description\":\"A consortium of Australian schools by AEAS\",\"publisher\":{\"@id\":\"https:\/\/asavietnam.com.au\/#organization\"},\"potentialAction\":[{\"@type\":\"SearchAction\",\"target\":{\"@type\":\"EntryPoint\",\"urlTemplate\":\"https:\/\/asavietnam.com.au\/?s={search_term_string}\"},\"query-input\":{\"@type\":\"PropertyValueSpecification\",\"valueRequired\":true,\"valueName\":\"search_term_string\"}}],\"inLanguage\":\"vi\"},{\"@type\":\"Organization\",\"@id\":\"https:\/\/asavietnam.com.au\/#organization\",\"name\":\"Australian Schools Alliance Vietnam\",\"url\":\"https:\/\/asavietnam.com.au\/\",\"logo\":{\"@type\":\"ImageObject\",\"inLanguage\":\"vi\",\"@id\":\"https:\/\/asavietnam.com.au\/#\/schema\/logo\/image\/\",\"url\":\"https:\/\/asavietnam.com.au\/wp-content\/uploads\/2023\/05\/logo_asav_blue.png\",\"contentUrl\":\"https:\/\/asavietnam.com.au\/wp-content\/uploads\/2023\/05\/logo_asav_blue.png\",\"width\":275,\"height\":155,\"caption\":\"Australian Schools Alliance Vietnam\"},\"image\":{\"@id\":\"https:\/\/asavietnam.com.au\/#\/schema\/logo\/image\/\"}}]}<\/script>\n<!-- \/ Yoast SEO plugin. -->","yoast_head_json":{"title":"ASA Vietnam - About Australian Schools","description":"ASA Vietnam - About Australian Schools. Why choose an Australian school? Australian schools instil skills, attitudes and values that allow young people to successfully participate in a globalised world.","robots":{"index":"index","follow":"follow","max-snippet":"max-snippet:-1","max-image-preview":"max-image-preview:large","max-video-preview":"max-video-preview:-1"},"canonical":"https:\/\/asavietnam.com.au\/vi\/about-asa-vietnam\/","og_locale":"vi_VN","og_type":"article","og_title":"ASA Vietnam - About Australian Schools","og_description":"ASA Vietnam - About Australian Schools. Why choose an Australian school? Australian schools instil skills, attitudes and values that allow young people to successfully participate in a globalised world.","og_url":"https:\/\/asavietnam.com.au\/vi\/about-asa-vietnam\/","og_site_name":"Australian Schools Alliance Vietnam","article_modified_time":"2023-09-28T04:52:46+00:00","og_image":[{"url":"https:\/\/asavietnam.com.au\/wp-content\/uploads\/2023\/07\/2x-photos-1-790x1024.png","type":"","width":"","height":""}],"twitter_card":"summary_large_image","twitter_misc":{"\u01af\u1edbc t\u00ednh th\u1eddi gian \u0111\u1ecdc":"2 ph\u00fat"},"schema":{"@context":"https:\/\/schema.org","@graph":[{"@type":"WebPage","@id":"https:\/\/asavietnam.com.au\/vi\/about-asa-vietnam\/","url":"https:\/\/asavietnam.com.au\/vi\/about-asa-vietnam\/","name":"ASA Vietnam - About Australian Schools","isPartOf":{"@id":"https:\/\/asavietnam.com.au\/#website"},"primaryImageOfPage":{"@id":"https:\/\/asavietnam.com.au\/vi\/about-asa-vietnam\/#primaryimage"},"image":{"@id":"https:\/\/asavietnam.com.au\/vi\/about-asa-vietnam\/#primaryimage"},"thumbnailUrl":"https:\/\/asavietnam.com.au\/wp-content\/uploads\/2023\/07\/2x-photos-1-790x1024.png","datePublished":"2023-05-26T02:37:12+00:00","dateModified":"2023-09-28T04:52:46+00:00","description":"ASA Vietnam - About Australian Schools. Why choose an Australian school? Australian schools instil skills, attitudes and values that allow young people to successfully participate in a globalised world.","breadcrumb":{"@id":"https:\/\/asavietnam.com.au\/vi\/about-asa-vietnam\/#breadcrumb"},"inLanguage":"vi","potentialAction":[{"@type":"ReadAction","target":["https:\/\/asavietnam.com.au\/vi\/about-asa-vietnam\/"]}]},{"@type":"ImageObject","inLanguage":"vi","@id":"https:\/\/asavietnam.com.au\/vi\/about-asa-vietnam\/#primaryimage","url":"https:\/\/asavietnam.com.au\/wp-content\/uploads\/2023\/07\/2x-photos-1-790x1024.png","contentUrl":"https:\/\/asavietnam.com.au\/wp-content\/uploads\/2023\/07\/2x-photos-1-790x1024.png"},{"@type":"BreadcrumbList","@id":"https:\/\/asavietnam.com.au\/vi\/about-asa-vietnam\/#breadcrumb","itemListElement":[{"@type":"ListItem","position":1,"name":"Home","item":"https:\/\/asavietnam.com.au\/"},{"@type":"ListItem","position":2,"name":"About Australian Schools"}]},{"@type":"WebSite","@id":"https:\/\/asavietnam.com.au\/#website","url":"https:\/\/asavietnam.com.au\/","name":"Australian Schools Alliance Vietnam","description":"A consortium of Australian schools by AEAS","publisher":{"@id":"https:\/\/asavietnam.com.au\/#organization"},"potentialAction":[{"@type":"SearchAction","target":{"@type":"EntryPoint","urlTemplate":"https:\/\/asavietnam.com.au\/?s={search_term_string}"},"query-input":{"@type":"PropertyValueSpecification","valueRequired":true,"valueName":"search_term_string"}}],"inLanguage":"vi"},{"@type":"Organization","@id":"https:\/\/asavietnam.com.au\/#organization","name":"Australian Schools Alliance Vietnam","url":"https:\/\/asavietnam.com.au\/","logo":{"@type":"ImageObject","inLanguage":"vi","@id":"https:\/\/asavietnam.com.au\/#\/schema\/logo\/image\/","url":"https:\/\/asavietnam.com.au\/wp-content\/uploads\/2023\/05\/logo_asav_blue.png","contentUrl":"https:\/\/asavietnam.com.au\/wp-content\/uploads\/2023\/05\/logo_asav_blue.png","width":275,"height":155,"caption":"Australian Schools Alliance Vietnam"},"image":{"@id":"https:\/\/asavietnam.com.au\/#\/schema\/logo\/image\/"}}]}},"_links":{"self":[{"href":"https:\/\/asavietnam.com.au\/vi\/wp-json\/wp\/v2\/pages\/1315","targetHints":{"allow":["GET"]}}],"collection":[{"href":"https:\/\/asavietnam.com.au\/vi\/wp-json\/wp\/v2\/pages"}],"about":[{"href":"https:\/\/asavietnam.com.au\/vi\/wp-json\/wp\/v2\/types\/page"}],"author":[{"embeddable":true,"href":"https:\/\/asavietnam.com.au\/vi\/wp-json\/wp\/v2\/users\/1"}],"replies":[{"embeddable":true,"href":"https:\/\/asavietnam.com.au\/vi\/wp-json\/wp\/v2\/comments?post=1315"}],"version-history":[{"count":56,"href":"https:\/\/asavietnam.com.au\/vi\/wp-json\/wp\/v2\/pages\/1315\/revisions"}],"predecessor-version":[{"id":3044,"href":"https:\/\/asavietnam.com.au\/vi\/wp-json\/wp\/v2\/pages\/1315\/revisions\/3044"}],"wp:attachment":[{"href":"https:\/\/asavietnam.com.au\/vi\/wp-json\/wp\/v2\/media?parent=1315"}],"wp:term":[{"taxonomy":"category","embeddable":true,"href":"https:\/\/asavietnam.com.au\/vi\/wp-json\/wp\/v2\/categories?post=1315"},{"taxonomy":"post_tag","embeddable":true,"href":"https:\/\/asavietnam.com.au\/vi\/wp-json\/wp\/v2\/tags?post=1315"}],"curies":[{"name":"wp","href":"https:\/\/api.w.org\/{rel}","templated":true}]}}